{"id":2402,"date":"2018-06-08T10:05:12","date_gmt":"2018-06-08T13:05:12","guid":{"rendered":"http:\/\/desenvolvimentomseo.com.br\/sites\/guarita\/?page_id=2402"},"modified":"2019-05-23T19:09:04","modified_gmt":"2019-05-23T22:09:04","slug":"about","status":"publish","type":"page","link":"https:\/\/alexandreguarita.com.br\/es\/about\/","title":{"rendered":"Acerca de"},"content":{"rendered":"","protected":false},"excerpt":{"rendered":"","protected":false},"author":1,"featured_media":0,"parent":0,"menu_order":0,"comment_status":"closed","ping_status":"closed","template":"","meta":{"footnotes":""},"class_list":["post-2402","page","type-page","status-publish","hentry"],"yoast_head":"<!-- This site is optimized with the Yoast SEO plugin v27.3 - https:\/\/yoast.com\/product\/yoast-seo-wordpress\/ -->\n<title>Sobre el Dr. Alexandre Machado Guarita I Derecho Empresarial<\/title>\n<meta name=\"description\" content=\"M\u00e1s informaci\u00f3n sobre el Dr. Alexandre Machado Guarita. Haga clic aqu\u00ed y obtener acceso a la informaci\u00f3n sobre la carrera y el trabajo deDr. Alexandre Machado Guarita.\" \/>\n<meta name=\"robots\" content=\"index, follow, max-snippet:-1, max-image-preview:large, max-video-preview:-1\" \/>\n<link rel=\"canonical\" href=\"https:\/\/alexandreguarita.com.br\/es\/about\/\" \/>\n<meta property=\"og:locale\" content=\"pt_BR\" \/>\n<meta property=\"og:type\" content=\"article\" \/>\n<meta property=\"og:title\" content=\"Sobre el Dr. Alexandre Machado Guarita I Derecho Empresarial\" \/>\n<meta property=\"og:description\" content=\"M\u00e1s informaci\u00f3n sobre el Dr. Alexandre Machado Guarita. Haga clic aqu\u00ed y obtener acceso a la informaci\u00f3n sobre la carrera y el trabajo deDr. Alexandre Machado Guarita.\" \/>\n<meta property=\"og:url\" content=\"https:\/\/alexandreguarita.com.br\/es\/about\/\" \/>\n<meta property=\"og:site_name\" content=\"Dr. Alexandre Guarita\" \/>\n<meta property=\"article:modified_time\" content=\"2019-05-23T22:09:04+00:00\" \/>\n<meta name=\"twitter:card\" content=\"summary_large_image\" \/>\n<meta name=\"twitter:title\" content=\"Sobre el Dr. Alexandre Machado Guarita I Derecho Empresarial\" \/>\n<meta name=\"twitter:description\" content=\"M\u00e1s informaci\u00f3n sobre el Dr. Alexandre Machado Guarita. Haga clic aqu\u00ed y obtener acceso a la informaci\u00f3n sobre la carrera y el trabajo deDr. Alexandre Machado Guarita.\" \/>\n<script type=\"application\/ld+json\" class=\"yoast-schema-graph\">{\"@context\":\"https:\\\/\\\/schema.org\",\"@graph\":[{\"@type\":\"WebPage\",\"@id\":\"https:\\\/\\\/alexandreguarita.com.br\\\/es\\\/about\\\/\",\"url\":\"https:\\\/\\\/alexandreguarita.com.br\\\/es\\\/about\\\/\",\"name\":\"Sobre el Dr. Alexandre Machado Guarita I Derecho Empresarial\",\"isPartOf\":{\"@id\":\"https:\\\/\\\/alexandreguarita.com.br\\\/es\\\/#website\"},\"datePublished\":\"2018-06-08T13:05:12+00:00\",\"dateModified\":\"2019-05-23T22:09:04+00:00\",\"description\":\"M\u00e1s informaci\u00f3n sobre el Dr. Alexandre Machado Guarita. Haga clic aqu\u00ed y obtener acceso a la informaci\u00f3n sobre la carrera y el trabajo deDr. Alexandre Machado Guarita.\",\"breadcrumb\":{\"@id\":\"https:\\\/\\\/alexandreguarita.com.br\\\/es\\\/about\\\/#breadcrumb\"},\"inLanguage\":\"pt-BR\",\"potentialAction\":[{\"@type\":\"ReadAction\",\"target\":[\"https:\\\/\\\/alexandreguarita.com.br\\\/es\\\/about\\\/\"]}]},{\"@type\":\"BreadcrumbList\",\"@id\":\"https:\\\/\\\/alexandreguarita.com.br\\\/es\\\/about\\\/#breadcrumb\",\"itemListElement\":[{\"@type\":\"ListItem\",\"position\":1,\"name\":\"In\u00edcio\",\"item\":\"https:\\\/\\\/alexandreguarita.com.br\\\/es\\\/\"},{\"@type\":\"ListItem\",\"position\":2,\"name\":\"Acerca de\"}]},{\"@type\":\"WebSite\",\"@id\":\"https:\\\/\\\/alexandreguarita.com.br\\\/es\\\/#website\",\"url\":\"https:\\\/\\\/alexandreguarita.com.br\\\/es\\\/\",\"name\":\"Dr. Alexandre Guarita\",\"description\":\"Dr. Alexandre Guarita\",\"potentialAction\":[{\"@type\":\"SearchAction\",\"target\":{\"@type\":\"EntryPoint\",\"urlTemplate\":\"https:\\\/\\\/alexandreguarita.com.br\\\/es\\\/?s={search_term_string}\"},\"query-input\":{\"@type\":\"PropertyValueSpecification\",\"valueRequired\":true,\"valueName\":\"search_term_string\"}}],\"inLanguage\":\"pt-BR\"}]}<\/script>\n<!-- \/ Yoast SEO plugin. -->","yoast_head_json":{"title":"Sobre el Dr. Alexandre Machado Guarita I Derecho Empresarial","description":"M\u00e1s informaci\u00f3n sobre el Dr. Alexandre Machado Guarita. Haga clic aqu\u00ed y obtener acceso a la informaci\u00f3n sobre la carrera y el trabajo deDr. Alexandre Machado Guarita.","robots":{"index":"index","follow":"follow","max-snippet":"max-snippet:-1","max-image-preview":"max-image-preview:large","max-video-preview":"max-video-preview:-1"},"canonical":"https:\/\/alexandreguarita.com.br\/es\/about\/","og_locale":"pt_BR","og_type":"article","og_title":"Sobre el Dr. Alexandre Machado Guarita I Derecho Empresarial","og_description":"M\u00e1s informaci\u00f3n sobre el Dr. Alexandre Machado Guarita. Haga clic aqu\u00ed y obtener acceso a la informaci\u00f3n sobre la carrera y el trabajo deDr. Alexandre Machado Guarita.","og_url":"https:\/\/alexandreguarita.com.br\/es\/about\/","og_site_name":"Dr. Alexandre Guarita","article_modified_time":"2019-05-23T22:09:04+00:00","twitter_card":"summary_large_image","twitter_title":"Sobre el Dr. Alexandre Machado Guarita I Derecho Empresarial","twitter_description":"M\u00e1s informaci\u00f3n sobre el Dr. Alexandre Machado Guarita. Haga clic aqu\u00ed y obtener acceso a la informaci\u00f3n sobre la carrera y el trabajo deDr. Alexandre Machado Guarita.","schema":{"@context":"https:\/\/schema.org","@graph":[{"@type":"WebPage","@id":"https:\/\/alexandreguarita.com.br\/es\/about\/","url":"https:\/\/alexandreguarita.com.br\/es\/about\/","name":"Sobre el Dr. Alexandre Machado Guarita I Derecho Empresarial","isPartOf":{"@id":"https:\/\/alexandreguarita.com.br\/es\/#website"},"datePublished":"2018-06-08T13:05:12+00:00","dateModified":"2019-05-23T22:09:04+00:00","description":"M\u00e1s informaci\u00f3n sobre el Dr. Alexandre Machado Guarita. Haga clic aqu\u00ed y obtener acceso a la informaci\u00f3n sobre la carrera y el trabajo deDr. Alexandre Machado Guarita.","breadcrumb":{"@id":"https:\/\/alexandreguarita.com.br\/es\/about\/#breadcrumb"},"inLanguage":"pt-BR","potentialAction":[{"@type":"ReadAction","target":["https:\/\/alexandreguarita.com.br\/es\/about\/"]}]},{"@type":"BreadcrumbList","@id":"https:\/\/alexandreguarita.com.br\/es\/about\/#breadcrumb","itemListElement":[{"@type":"ListItem","position":1,"name":"In\u00edcio","item":"https:\/\/alexandreguarita.com.br\/es\/"},{"@type":"ListItem","position":2,"name":"Acerca de"}]},{"@type":"WebSite","@id":"https:\/\/alexandreguarita.com.br\/es\/#website","url":"https:\/\/alexandreguarita.com.br\/es\/","name":"Dr. Alexandre Guarita","description":"Dr. Alexandre Guarita","potentialAction":[{"@type":"SearchAction","target":{"@type":"EntryPoint","urlTemplate":"https:\/\/alexandreguarita.com.br\/es\/?s={search_term_string}"},"query-input":{"@type":"PropertyValueSpecification","valueRequired":true,"valueName":"search_term_string"}}],"inLanguage":"pt-BR"}]}},"_links":{"self":[{"href":"https:\/\/alexandreguarita.com.br\/es\/wp-json\/wp\/v2\/pages\/2402","targetHints":{"allow":["GET"]}}],"collection":[{"href":"https:\/\/alexandreguarita.com.br\/es\/wp-json\/wp\/v2\/pages"}],"about":[{"href":"https:\/\/alexandreguarita.com.br\/es\/wp-json\/wp\/v2\/types\/page"}],"author":[{"embeddable":true,"href":"https:\/\/alexandreguarita.com.br\/es\/wp-json\/wp\/v2\/users\/1"}],"replies":[{"embeddable":true,"href":"https:\/\/alexandreguarita.com.br\/es\/wp-json\/wp\/v2\/comments?post=2402"}],"version-history":[{"count":3,"href":"https:\/\/alexandreguarita.com.br\/es\/wp-json\/wp\/v2\/pages\/2402\/revisions"}],"predecessor-version":[{"id":2550,"href":"https:\/\/alexandreguarita.com.br\/es\/wp-json\/wp\/v2\/pages\/2402\/revisions\/2550"}],"wp:attachment":[{"href":"https:\/\/alexandreguarita.com.br\/es\/wp-json\/wp\/v2\/media?parent=2402"}],"curies":[{"name":"wp","href":"https:\/\/api.w.org\/{rel}","templated":true}]}}